{"id":28,"date":"2021-03-08T10:21:24","date_gmt":"2021-03-08T09:21:24","guid":{"rendered":"http:\/\/michel-gribinski2.local\/?page_id=28"},"modified":"2025-12-22T17:16:57","modified_gmt":"2025-12-22T16:16:57","slug":"contact","status":"publish","type":"page","link":"https:\/\/michelgribinski.fr\/it\/contact\/","title":{"rendered":"Contatti"},"content":{"rendered":"<div class=\"wpforms-container wpforms-container-full wpforms-block wpforms-block-27cbd73b-e27c-4e16-ab01-7bab607f376b formsz\" id=\"wpforms-2029\"><form id=\"wpforms-form-2029\" class=\"wpforms-validate wpforms-form wpforms-ajax-form\" data-formid=\"2029\" method=\"post\" enctype=\"multipart\/form-data\" action=\"\/it\/wp-json\/wp\/v2\/pages\/28\" data-token=\"2cb4f46b960d198ccbd617144af06085\" data-token-time=\"1778110487\" data-trp-original-action=\"\/it\/wp-json\/wp\/v2\/pages\/28\"><noscript class=\"wpforms-error-noscript\">Abilita JavaScript nel browser per completare questo modulo.<\/noscript><div class=\"wpforms-field-container\"><div id=\"wpforms-2029-field_0-container\" class=\"wpforms-field wpforms-field-name\" data-field-id=\"0\"><label class=\"wpforms-field-label\">Nome <span class=\"wpforms-required-label\">*<\/span><\/label><div class=\"wpforms-field-row wpforms-field-medium\"><div class=\"wpforms-field-row-block wpforms-first wpforms-one-half\"><input type=\"text\" id=\"wpforms-2029-field_0\" class=\"wpforms-field-name-first wpforms-field-required\" name=\"wpforms[fields][0][first]\" required><label for=\"wpforms-2029-field_0\" class=\"wpforms-field-sublabel after\">Nome<\/label><\/div><div class=\"wpforms-field-row-block wpforms-one-half\"><input type=\"text\" id=\"wpforms-2029-field_0-last\" class=\"wpforms-field-name-last wpforms-field-required\" name=\"wpforms[fields][0][last]\" required><label for=\"wpforms-2029-field_0-last\" class=\"wpforms-field-sublabel after\">Cognome<\/label><\/div><\/div><\/div><div id=\"wpforms-2029-field_1-container\" class=\"wpforms-field wpforms-field-email\" data-field-id=\"1\"><label class=\"wpforms-field-label\" for=\"wpforms-2029-field_1\">E-mail <span class=\"wpforms-required-label\">*<\/span><\/label><input type=\"email\" id=\"wpforms-2029-field_1\" class=\"wpforms-field-medium wpforms-field-required\" name=\"wpforms[fields][1]\" spellcheck=\"false\" required><\/div><div id=\"wpforms-2029-field_2-container\" class=\"wpforms-field wpforms-field-textarea\" data-field-id=\"2\"><label class=\"wpforms-field-label\" for=\"wpforms-2029-field_2\">Messaggio <span class=\"wpforms-required-label\">*<\/span><\/label><textarea id=\"wpforms-2029-field_2\" class=\"wpforms-field-medium wpforms-field-required\" name=\"wpforms[fields][2]\" required><\/textarea><\/div><\/div><!-- .wpforms-field-container --><div class=\"wpforms-recaptcha-container wpforms-is-recaptcha wpforms-is-recaptcha-type-v3\" ><input type=\"hidden\" name=\"wpforms[recaptcha]\" value=\"\"><\/div><div class=\"wpforms-submit-container\" ><input type=\"hidden\" name=\"wpforms[id]\" value=\"2029\"><input type=\"hidden\" name=\"page_title\" value=\"\"><input type=\"hidden\" name=\"page_url\" value=\"https:\/\/michelgribinski.fr\/it\/wp-json\/wp\/v2\/pages\/28\"><input type=\"hidden\" name=\"url_referer\" value=\"\"><button type=\"submit\" name=\"wpforms[submit]\" id=\"wpforms-submit-2029\" class=\"wpforms-submit butsz\" data-alt-text=\"Envoi...\" data-submit-text=\"Envoyer\" aria-live=\"assertive\" value=\"wpforms-submit\">Invia<\/button><img data-opt-id=1383477162  fetchpriority=\"high\" decoding=\"async\" src=\"https:\/\/mlsr0cr8ad5y.i.optimole.com\/w:auto\/h:auto\/q:mauto\/f:best\/ig:avif\/https:\/\/michelgribinski.fr\/wp-content\/plugins\/wpforms-lite\/assets\/images\/submit-spin.svg\" class=\"wpforms-submit-spinner\" style=\"display: none;\" width=\"26\" height=\"26\" alt=\"Caricamento\"><\/div><input type=\"hidden\" name=\"trp-form-language\" value=\"it\"\/><\/form><\/div>  <!-- .wpforms-container -->\n\n\n<h3 class=\"wp-block-heading has-text-align-center has-xx-large-font-size\">Note legali<\/h3>\n\n\n\n<p>I contenuti di questo sito, la sua progettazione e struttura, nonch\u00e9 i materiali iconografici, sono protetti dalla normativa vigente in materia di propriet\u00e0 intellettuale e non possono essere riprodotti n\u00e9 utilizzati, in tutto o in parte, senza la preventiva autorizzazione degli editori, degli autori, degli aventi diritto, dei collezionisti, dei fotografi e\/o delle agenzie titolari dei relativi diritti.<\/p>\n\n\n\n<p>\u00a9 Michel Gribinski per le immagini.<\/p>\n\n\n\n<p>\u00a9 Nad Boutineau per le fotografie dei quadri presentati nelle mostre&nbsp;<em>Del blu ovunque<\/em>,&nbsp;<em>Vista aerea<\/em>,&nbsp;<em>Acquerelli 2016<\/em>,&nbsp;<em>Acquerelli 2015 <\/em>e <em>Il colore del rosa<\/em>.<\/p>\n\n\n\n<p>@ Nad Boutineau pour la conception et r\u00e9alisation des catalogues d\u2019exposition.<\/p>\n\n\n\n<p>\u00a9 Santiago Zuluaga per la progettazione del sito.<\/p>\n\n\n\n<p><strong>Hosting del sito<\/strong><br>Hostinger International Ltd.<br>61 Lordou Vironos Street<br>6023 Larnaca, Cyprus<\/p>\n\n\n\n<p><strong>Webmaster<\/strong>&nbsp;: Santiago Zuluaga<br>contact@michelgribinski.fr<\/p>\n\n\n\n<p><a href=\"https:\/\/michelgribinski.fr\/it\/politique-de-confidentialite\/\">Informativa sulla privacy<\/a><\/p>\n\n\n\n<p><\/p>","protected":false},"excerpt":{"rendered":"<p>Mentions l\u00e9gales Les documents de ce site, sa conception ou sa structure et ses documents iconographiques sont prot\u00e9g\u00e9s par le code de la propri\u00e9t\u00e9 intellectuelle et ne peuvent faire l\u2019objet de reproduction ni d\u2019exploitation sans autorisation des \u00e9diteurs, auteurs, ayants droit, collectionneurs, photographes et\/ou agences titulaires de ces droits. \u00a9 Michel Gribinski pour les images. [&hellip;]<\/p>","protected":false},"author":1,"featured_media":0,"parent":0,"menu_order":0,"comment_status":"closed","ping_status":"closed","template":"contact-2","meta":{"_acf_changed":false,"slim_seo":{"title":"Contact - Michel Gribinski","description":"Mentions l\u00e9gales Les documents de ce site, sa conception ou sa structure et ses documents iconographiques sont prot\u00e9g\u00e9s par le code de la propri\u00e9t\u00e9 intellectuel"},"footnotes":""},"class_list":["post-28","page","type-page","status-publish","hentry"],"acf":[],"mb":[],"mfb_rest_fields":["title"],"_links":{"self":[{"href":"https:\/\/michelgribinski.fr\/it\/wp-json\/wp\/v2\/pages\/28","targetHints":{"allow":["GET"]}}],"collection":[{"href":"https:\/\/michelgribinski.fr\/it\/wp-json\/wp\/v2\/pages"}],"about":[{"href":"https:\/\/michelgribinski.fr\/it\/wp-json\/wp\/v2\/types\/page"}],"author":[{"embeddable":true,"href":"https:\/\/michelgribinski.fr\/it\/wp-json\/wp\/v2\/users\/1"}],"replies":[{"embeddable":true,"href":"https:\/\/michelgribinski.fr\/it\/wp-json\/wp\/v2\/comments?post=28"}],"version-history":[{"count":0,"href":"https:\/\/michelgribinski.fr\/it\/wp-json\/wp\/v2\/pages\/28\/revisions"}],"wp:attachment":[{"href":"https:\/\/michelgribinski.fr\/it\/wp-json\/wp\/v2\/media?parent=28"}],"curies":[{"name":"wp","href":"https:\/\/api.w.org\/{rel}","templated":true}]}}