{"id":3832,"date":"2021-04-06T09:19:48","date_gmt":"2021-04-06T07:19:48","guid":{"rendered":"http:\/\/production.michelgribinski.fr\/?page_id=3832"},"modified":"2025-12-23T12:05:57","modified_gmt":"2025-12-23T11:05:57","slug":"politique-de-confidentialite","status":"publish","type":"page","link":"https:\/\/michelgribinski.fr\/it\/politique-de-confidentialite\/","title":{"rendered":"Informativa sulla privacy"},"content":{"rendered":"<div style=\"height:30px\" aria-hidden=\"true\" class=\"wp-block-spacer\"><\/div>\n\n\n\n<p class=\"has-text-align-center has-text-color has-medium-font-size\" style=\"color:#840000\">Le seguenti informazioni rispondono a un obbligo di legge.<\/p>\n\n\n\n<h2 class=\"has-text-align-center wp-block-heading\" id=\"h-qui-sommes-nous\">Chi siamo<\/h2>\n\n\n\n<p>L\u2019indirizzo del nostro sito web \u00e8: https:\/\/michelgribinski.fr.<\/p>\n\n\n\n<h2 class=\"has-text-align-center wp-block-heading\" id=\"h-m-dias\">Media<\/h2>\n\n\n\n<p>Se caricate immagini sul sito, vi consigliamo di evitare di caricare immagini che contengano dati EXIF relativi alle coordinate GPS. I visitatori del sito possono scaricare ed estrarre eventuali dati di localizzazione dalle immagini presenti sul sito.<\/p>\n\n\n\n<h2 class=\"has-text-align-center wp-block-heading\" id=\"h-cookies\">Cookie<\/h2>\n\n\n\n<p>Se lasciate un commento sul nostro sito, vi verr\u00e0 proposto di salvare il vostro nome, indirizzo e-mail e sito web nei cookie. Questo \u00e8 solo per vostra comodit\u00e0, cos\u00ec da non dover reinserire questi dati quando lascerete un altro commento in futuro. Questi cookie durano un anno.<\/p>\n\n\n\n<p>Se visitate la pagina di login, verr\u00e0 impostato un cookie temporaneo per verificare se il vostro browser accetta i cookie. Non contiene dati personali e viene eliminato alla chiusura del browser.<\/p>\n\n\n\n<p>Quando effettuate l\u2019accesso, verranno impostati diversi cookie per salvare le informazioni di accesso e le preferenze di visualizzazione. I cookie di accesso durano due giorni, mentre quelli relativi alle opzioni di visualizzazione durano un anno. Se selezionate \u201cRicordami\u201d, il cookie di accesso verr\u00e0 conservato per due settimane. Se effettuate il logout dal vostro account, il cookie di accesso verr\u00e0 eliminato.<\/p>\n\n\n\n<p>Quando modificate o pubblicate un articolo, verr\u00e0 salvato nel vostro browser un cookie aggiuntivo. Questo cookie non contiene dati personali. Indica semplicemente l\u2019ID dell\u2019articolo che avete appena modificato e scade dopo un giorno.<\/p>\n\n\n\n<h2 class=\"has-text-align-center wp-block-heading\" id=\"h-contenu-embarqu-depuis-d-autres-sites\">Contenuti incorporati da altri siti web<\/h2>\n\n\n\n<p>Gli articoli di questo sito possono includere contenuti incorporati (ad esempio video, immagini, articoli, ecc.). I contenuti incorporati da altri siti si comportano esattamente come se il visitatore avesse visitato l\u2019altro sito web.<\/p>\n\n\n\n<p>Questi siti possono raccogliere dati su di voi, utilizzare cookie, integrare strumenti di tracciamento di terze parti e monitorare le vostre interazioni con tali contenuti incorporati, soprattutto se disponete di un account e siete connessi a quel sito.<\/p>\n\n\n\n<h2 class=\"has-text-align-center wp-block-heading\" id=\"h-utilisation-et-transmission-de-vos-donn-es-personnelles\">Uso e trasmissione dei vostri dati personali<\/h2>\n\n\n\n<p>Se richiedete la reimpostazione della password, il vostro indirizzo IP sar\u00e0 incluso nell\u2019e-mail di reimpostazione.<\/p>\n\n\n\n<h2 class=\"has-text-align-center wp-block-heading\" id=\"h-dur-es-de-stockage-de-vos-donn-es\">Periodo di conservazione dei dati<\/h2>\n\n\n\n<p>Se lasciate un commento, il commento e i relativi metadati vengono conservati a tempo indeterminato. Questo serve a riconoscere e approvare automaticamente eventuali commenti successivi invece di lasciarli in coda di moderazione.<\/p>\n\n\n\n<p>Per gli utenti che si registrano sul nostro sito (se previsto), memorizziamo anche le informazioni personali indicate nel loro profilo. Tutti gli utenti possono vedere, modificare o cancellare le proprie informazioni personali in qualsiasi momento (ad eccezione del nome utente). Anche gli amministratori del sito possono vedere e modificare tali informazioni.<\/p>\n\n\n\n<h2 class=\"has-text-align-center wp-block-heading\" id=\"h-les-droits-que-vous-avez-sur-vos-donn-es\">Diritti sui vostri dati<\/h2>\n\n\n\n<p>Se avete un account su questo sito o avete lasciato commenti, potete richiedere di ricevere un file esportato con i dati personali che possediamo su di voi, compresi quelli che ci avete fornito. Potete anche richiedere la cancellazione dei vostri dati personali. Questo non include i dati che siamo obbligati a conservare per scopi amministrativi, legali o di sicurezza.<\/p>\n\n\n\n<h2 class=\"has-text-align-center wp-block-heading\" id=\"h-transmission-de-vos-donn-es-personnelles\">Trasmissione dei vostri dati personali<\/h2>\n\n\n\n<p>I commenti dei visitatori possono essere controllati tramite un servizio automatizzato di rilevamento dello spam.<\/p>\n\n\n\n<h2 class=\"has-text-align-center wp-block-heading\" id=\"h-commentaires\">Commenti<\/h2>\n\n\n\n<p><strong class=\"privacy-policy-tutorial\"> <\/strong>Quand vous laissez un commentaire sur notre site, les donn\u00e9es inscrites dans le formulaire de commentaire, mais aussi votre adresse IP et l\u2019agent utilisateur de votre navigateur sont collect\u00e9s pour nous aider \u00e0 la d\u00e9tection des commentaires ind\u00e9sirables.<\/p>\n\n\n\n<p>Una stringa anonimizzata creata a partire dal vostro indirizzo e-mail (chiamata anche hash) pu\u00f2 essere inviata al servizio Gravatar per verificare se lo utilizzate. L\u2019informativa sulla privacy del servizio Gravatar \u00e8 disponibile qui: https:\/\/automattic.com\/privacy\/. Dopo l\u2019approvazione del commento, l\u2019immagine del vostro profilo sar\u00e0 visibile pubblicamente accanto al commento.<\/p>","protected":false},"excerpt":{"rendered":"<p>Les indications suivantes r\u00e9pondent \u00e0 une obligation l\u00e9gale. Qui sommes-nous&nbsp;? L\u2019adresse de notre site est&nbsp;: https:\/\/michelgribinski.fr. M\u00e9dias Si vous t\u00e9l\u00e9versez des images sur le site, nous vous conseillons d\u2019\u00e9viter de t\u00e9l\u00e9verser des images contenant des donn\u00e9es EXIF de coordonn\u00e9es GPS. Les personnes visitant votre site peuvent t\u00e9l\u00e9charger et extraire des donn\u00e9es de localisation depuis ces [&hellip;]<\/p>","protected":false},"author":1,"featured_media":0,"parent":0,"menu_order":0,"comment_status":"closed","ping_status":"closed","template":"","meta":{"_acf_changed":false,"slim_seo":{"title":"Politique de confidentialit\u00e9 - Michel Gribinski","description":"Les indications suivantes r\u00e9pondent \u00e0 une obligation l\u00e9gale. Qui sommes-nous&nbsp;? L\u2019adresse de notre site est&nbsp;: https:\/\/michelgribinski.fr. M\u00e9dias Si vou"},"footnotes":""},"class_list":["post-3832","page","type-page","status-publish","hentry"],"acf":[],"mb":[],"mfb_rest_fields":["title"],"_links":{"self":[{"href":"https:\/\/michelgribinski.fr\/it\/wp-json\/wp\/v2\/pages\/3832","targetHints":{"allow":["GET"]}}],"collection":[{"href":"https:\/\/michelgribinski.fr\/it\/wp-json\/wp\/v2\/pages"}],"about":[{"href":"https:\/\/michelgribinski.fr\/it\/wp-json\/wp\/v2\/types\/page"}],"author":[{"embeddable":true,"href":"https:\/\/michelgribinski.fr\/it\/wp-json\/wp\/v2\/users\/1"}],"replies":[{"embeddable":true,"href":"https:\/\/michelgribinski.fr\/it\/wp-json\/wp\/v2\/comments?post=3832"}],"version-history":[{"count":1,"href":"https:\/\/michelgribinski.fr\/it\/wp-json\/wp\/v2\/pages\/3832\/revisions"}],"predecessor-version":[{"id":6287,"href":"https:\/\/michelgribinski.fr\/it\/wp-json\/wp\/v2\/pages\/3832\/revisions\/6287"}],"wp:attachment":[{"href":"https:\/\/michelgribinski.fr\/it\/wp-json\/wp\/v2\/media?parent=3832"}],"curies":[{"name":"wp","href":"https:\/\/api.w.org\/{rel}","templated":true}]}}